{"id":35,"date":"2018-01-08T13:10:23","date_gmt":"2018-01-08T13:10:23","guid":{"rendered":"https:\/\/www.asacastine.fr\/?page_id=35"},"modified":"2019-01-11T18:24:26","modified_gmt":"2019-01-11T18:24:26","slug":"licences","status":"publish","type":"page","link":"https:\/\/www.asacastine.fr\/?page_id=35","title":{"rendered":"LICENCES"},"content":{"rendered":"<p style=\"text-align: center;\">\n<p>https:\/\/licence.ffsa.org\/<\/p>\n<p style=\"text-align: center;\"><strong>Vous souhaitez vous licencier aupr\u00e8s de la F\u00e9d\u00e9ration Fran\u00e7aise de Sport Automobile ?<\/strong><\/p>\n<p style=\"text-align: center;\"><strong>Rejoignez nous \u00e0 l\u2019ASA Castine !<\/strong><\/p>\n<p style=\"text-align: center;\">=<strong>&gt; Pour toute demande de licence, merci de contacter St\u00e9phane Devez au 06 81 91 45 95<\/strong><\/p>\n<p style=\"text-align: center;\"><strong>Visitez le site de la F\u00e9d\u00e9ration Fran\u00e7aise de Sport Automobile: <a href=\"http:\/\/www.ffsa.org\/Pages\/home.aspx\">www.ffsa.org\u00a0<\/a><\/strong><\/p>\n","protected":false},"excerpt":{"rendered":"<p>https:\/\/licence.ffsa.org\/ Vous souhaitez vous licencier aupr\u00e8s de la F\u00e9d\u00e9ration Fran\u00e7aise de Sport Automobile ? Rejoignez nous \u00e0 l\u2019ASA Castine ! =&gt; Pour toute demande de licence, merci de contacter St\u00e9phane Devez au 06 81 91 45 95 Visitez le site de la F\u00e9d\u00e9ration Fran\u00e7aise de Sport Automobile: www.ffsa.org\u00a0<\/p>\n","protected":false},"author":2,"featured_media":0,"parent":0,"menu_order":0,"comment_status":"closed","ping_status":"closed","template":"","meta":{"footnotes":""},"_links":{"self":[{"href":"https:\/\/www.asacastine.fr\/index.php?rest_route=\/wp\/v2\/pages\/35"}],"collection":[{"href":"https:\/\/www.asacastine.fr\/index.php?rest_route=\/wp\/v2\/pages"}],"about":[{"href":"https:\/\/www.asacastine.fr\/index.php?rest_route=\/wp\/v2\/types\/page"}],"author":[{"embeddable":true,"href":"https:\/\/www.asacastine.fr\/index.php?rest_route=\/wp\/v2\/users\/2"}],"replies":[{"embeddable":true,"href":"https:\/\/www.asacastine.fr\/index.php?rest_route=%2Fwp%2Fv2%2Fcomments&post=35"}],"version-history":[{"count":5,"href":"https:\/\/www.asacastine.fr\/index.php?rest_route=\/wp\/v2\/pages\/35\/revisions"}],"predecessor-version":[{"id":594,"href":"https:\/\/www.asacastine.fr\/index.php?rest_route=\/wp\/v2\/pages\/35\/revisions\/594"}],"wp:attachment":[{"href":"https:\/\/www.asacastine.fr\/index.php?rest_route=%2Fwp%2Fv2%2Fmedia&parent=35"}],"curies":[{"name":"wp","href":"https:\/\/api.w.org\/{rel}","templated":true}]}}